{"id":987,"date":"2025-07-24T14:10:22","date_gmt":"2025-07-24T12:10:22","guid":{"rendered":"https:\/\/2024.duesseldorf-loerick.de\/schuetzen\/?page_id=987"},"modified":"2025-07-24T17:40:56","modified_gmt":"2025-07-24T15:40:56","slug":"grusswort-linksrheinischer-jungschtzenkoenig","status":"publish","type":"page","link":"http:\/\/2024.duesseldorf-loerick.de\/schuetzen\/grusswort-linksrheinischer-jungschtzenkoenig\/","title":{"rendered":"Gru\u00dfwort Linksrheinischer Jungsch\u00fctzenk\u00f6nig"},"content":{"rendered":"<div class=\"_df_book df-lite\" id=\"df_1090\"  _slug=\"linksrheinischer-jungschuetzenkoenig\" data-title=\"linksrheinischer-jungschuetzenkoenig\" wpoptions=\"true\" thumbtype=\"\" ><\/div><script class=\"df-shortcode-script\" nowprocket type=\"application\/javascript\">window.option_df_1090 = {\"outline\":[],\"autoEnableOutline\":\"false\",\"autoEnableThumbnail\":\"false\",\"overwritePDFOutline\":\"false\",\"direction\":\"1\",\"pageSize\":\"0\",\"source\":\"http:\\\/\\\/2024.duesseldorf-loerick.de\\\/schuetzen\\\/wp-content\\\/uploads\\\/2025\\\/07\\\/Grusswort_LinksRKoenig.pdf\",\"wpOptions\":\"true\"}; if(window.DFLIP && window.DFLIP.parseBooks){window.DFLIP.parseBooks();}<\/script>\n","protected":false},"excerpt":{"rendered":"","protected":false},"author":1,"featured_media":0,"parent":0,"menu_order":0,"comment_status":"closed","ping_status":"closed","template":"","meta":{"footnotes":""},"class_list":["post-987","page","type-page","status-publish"],"_links":{"self":[{"href":"http:\/\/2024.duesseldorf-loerick.de\/schuetzen\/wp-json\/wp\/v2\/pages\/987","targetHints":{"allow":["GET"]}}],"collection":[{"href":"http:\/\/2024.duesseldorf-loerick.de\/schuetzen\/wp-json\/wp\/v2\/pages"}],"about":[{"href":"http:\/\/2024.duesseldorf-loerick.de\/schuetzen\/wp-json\/wp\/v2\/types\/page"}],"author":[{"embeddable":true,"href":"http:\/\/2024.duesseldorf-loerick.de\/schuetzen\/wp-json\/wp\/v2\/users\/1"}],"replies":[{"embeddable":true,"href":"http:\/\/2024.duesseldorf-loerick.de\/schuetzen\/wp-json\/wp\/v2\/comments?post=987"}],"version-history":[{"count":3,"href":"http:\/\/2024.duesseldorf-loerick.de\/schuetzen\/wp-json\/wp\/v2\/pages\/987\/revisions"}],"predecessor-version":[{"id":1093,"href":"http:\/\/2024.duesseldorf-loerick.de\/schuetzen\/wp-json\/wp\/v2\/pages\/987\/revisions\/1093"}],"wp:attachment":[{"href":"http:\/\/2024.duesseldorf-loerick.de\/schuetzen\/wp-json\/wp\/v2\/media?parent=987"}],"curies":[{"name":"wp","href":"https:\/\/api.w.org\/{rel}","templated":true}]}}