{"id":210,"date":"2024-07-25T15:44:05","date_gmt":"2024-07-25T13:44:05","guid":{"rendered":"http:\/\/2024.duesseldorf-loerick.de\/schuetzen\/?page_id=210"},"modified":"2024-07-25T21:09:14","modified_gmt":"2024-07-25T19:09:14","slug":"vorstand-der-bruderschaft-4-2-2","status":"publish","type":"page","link":"http:\/\/2024.duesseldorf-loerick.de\/schuetzen\/vorstand-der-bruderschaft-4-2-2\/","title":{"rendered":"Kompanien in L\u00f6rick"},"content":{"rendered":"\n<div class=\"wp-block-columns alignwide is-layout-flex wp-container-core-columns-is-layout-829b1d53 wp-block-columns-is-layout-flex\" style=\"margin-bottom:0\">\n<div class=\"wp-block-column has-base-background-color has-text-color has-background has-link-color wp-elements-4bd6d8a6cb991773d3741a8130fcab2a is-layout-flow wp-block-column-is-layout-flow\" style=\"color:#000000;padding-top:2em;padding-right:2em;padding-bottom:2em;padding-left:2em;flex-basis:400px\">\n<h1 class=\"wp-block-heading\" id=\"single\" style=\"font-size:27px\"><strong>Schiessgesellschaft 1912<\/strong><\/h1>\n\n\n\n<p><\/p>\n\n\n\n<hr class=\"wp-block-separator has-text-color has-css-opacity has-background is-style-dots\" style=\"background-color:#000000;color:#000000\"\/>\n\n\n\n<div class=\"wp-block-buttons alignfull is-horizontal is-content-justification-center is-layout-flex wp-container-core-buttons-is-layout-499968f5 wp-block-buttons-is-layout-flex\"><\/div>\n\n\n\n<figure class=\"wp-block-image size-full\"><a href=\"http:\/\/2024.duesseldorf-loerick.de\/schuetzen\/schiessgesellschaft-1912\/\"><img decoding=\"async\" src=\"http:\/\/2024.duesseldorf-loerick.de\/schuetzen\/wp-content\/uploads\/2024\/07\/schiess_2019.png\" alt=\"\" class=\"wp-image-147\"\/><\/a><\/figure>\n<\/div>\n\n\n\n<div class=\"wp-block-column has-base-background-color has-text-color has-background has-link-color wp-elements-1b20bb9ceceb7271edd059b89b954f22 is-layout-flow wp-block-column-is-layout-flow\" style=\"color:#000000;padding-top:2em;padding-right:2em;padding-bottom:2em;padding-left:2em;flex-basis:400px\">\n<h1 class=\"wp-block-heading\" id=\"single\" style=\"font-size:27px\"><strong>Marinekompanie Heimattreue 1927<\/strong><\/h1>\n\n\n\n<p><\/p>\n\n\n\n<hr class=\"wp-block-separator has-text-color has-css-opacity has-background is-style-dots\" style=\"background-color:#000000;color:#000000\"\/>\n\n\n\n<figure class=\"wp-block-image size-full is-style-default\"><a href=\"http:\/\/2024.duesseldorf-loerick.de\/schuetzen\/marinekompanie-heimattreue-1927\/\"><img loading=\"lazy\" decoding=\"async\" width=\"488\" height=\"332\" src=\"http:\/\/2024.duesseldorf-loerick.de\/schuetzen\/wp-content\/uploads\/2024\/07\/Marine_antreten.jpg\" alt=\"\" class=\"wp-image-148\" srcset=\"http:\/\/2024.duesseldorf-loerick.de\/schuetzen\/wp-content\/uploads\/2024\/07\/Marine_antreten.jpg 488w, http:\/\/2024.duesseldorf-loerick.de\/schuetzen\/wp-content\/uploads\/2024\/07\/Marine_antreten-300x204.jpg 300w\" sizes=\"auto, (max-width: 488px) 100vw, 488px\" \/><\/a><\/figure>\n<\/div>\n\n\n\n<div class=\"wp-block-column has-base-background-color has-text-color has-background has-link-color wp-elements-c7c99a786c0bf9701890a5acc28ffafc is-layout-flow wp-block-column-is-layout-flow\" style=\"color:#000000;padding-top:2em;padding-right:2em;padding-bottom:2em;padding-left:2em;flex-basis:400px\">\n<h1 class=\"wp-block-heading\" id=\"single\" style=\"font-size:27px\"><strong>St. Hubertus Scheibensch\u00fctzen 1927<\/strong><\/h1>\n\n\n\n<p><\/p>\n\n\n\n<hr class=\"wp-block-separator has-text-color has-css-opacity has-background is-style-dots\" style=\"background-color:#000000;color:#000000\"\/>\n\n\n\n<figure class=\"wp-block-image size-full is-style-default\"><a href=\"http:\/\/2024.duesseldorf-loerick.de\/schuetzen\/st-hubertus-scheibenschuetzen\/\"><img loading=\"lazy\" decoding=\"async\" width=\"800\" height=\"400\" src=\"http:\/\/2024.duesseldorf-loerick.de\/schuetzen\/wp-content\/uploads\/2024\/07\/scheibenschuetzen.jpg\" alt=\"\" class=\"wp-image-149\" srcset=\"http:\/\/2024.duesseldorf-loerick.de\/schuetzen\/wp-content\/uploads\/2024\/07\/scheibenschuetzen.jpg 800w, http:\/\/2024.duesseldorf-loerick.de\/schuetzen\/wp-content\/uploads\/2024\/07\/scheibenschuetzen-300x150.jpg 300w, http:\/\/2024.duesseldorf-loerick.de\/schuetzen\/wp-content\/uploads\/2024\/07\/scheibenschuetzen-768x384.jpg 768w\" sizes=\"auto, (max-width: 800px) 100vw, 800px\" \/><\/a><\/figure>\n<\/div>\n<\/div>\n\n\n\n<div style=\"height:100px\" aria-hidden=\"true\" class=\"wp-block-spacer\"><\/div>\n\n\n\n<div class=\"wp-block-columns alignwide is-layout-flex wp-container-core-columns-is-layout-829b1d53 wp-block-columns-is-layout-flex\" style=\"margin-bottom:0\">\n<div class=\"wp-block-column has-base-background-color has-text-color has-background has-link-color wp-elements-323d592992e10f8002318d6ed6680962 is-layout-flow wp-block-column-is-layout-flow\" style=\"color:#000000;padding-top:2em;padding-right:2em;padding-bottom:2em;padding-left:2em;flex-basis:400px\">\n<h1 class=\"wp-block-heading\" id=\"single\" style=\"font-size:27px\"><strong>L\u00f6ricker Jonges 1948<\/strong><\/h1>\n\n\n\n<p><\/p>\n\n\n\n<hr class=\"wp-block-separator has-text-color has-css-opacity has-background is-style-dots\" style=\"background-color:#000000;color:#000000\"\/>\n\n\n\n<div class=\"wp-block-buttons alignfull is-horizontal is-content-justification-center is-layout-flex wp-container-core-buttons-is-layout-499968f5 wp-block-buttons-is-layout-flex\"><\/div>\n\n\n\n<figure class=\"wp-block-image size-full\"><a href=\"http:\/\/2024.duesseldorf-loerick.de\/schuetzen\/loericker-jonges-1948\/\"><img loading=\"lazy\" decoding=\"async\" width=\"800\" height=\"400\" src=\"http:\/\/2024.duesseldorf-loerick.de\/schuetzen\/wp-content\/uploads\/2024\/07\/Loericker-Jonges.jpg\" alt=\"\" class=\"wp-image-150\" srcset=\"http:\/\/2024.duesseldorf-loerick.de\/schuetzen\/wp-content\/uploads\/2024\/07\/Loericker-Jonges.jpg 800w, http:\/\/2024.duesseldorf-loerick.de\/schuetzen\/wp-content\/uploads\/2024\/07\/Loericker-Jonges-300x150.jpg 300w, http:\/\/2024.duesseldorf-loerick.de\/schuetzen\/wp-content\/uploads\/2024\/07\/Loericker-Jonges-768x384.jpg 768w\" sizes=\"auto, (max-width: 800px) 100vw, 800px\" \/><\/a><\/figure>\n<\/div>\n\n\n\n<div class=\"wp-block-column has-base-background-color has-text-color has-background has-link-color wp-elements-fd7637ffcb3a5fe13906d3fb4aa586bb is-layout-flow wp-block-column-is-layout-flow\" style=\"color:#000000;padding-top:2em;padding-right:2em;padding-bottom:2em;padding-left:2em;flex-basis:400px\">\n<h1 class=\"wp-block-heading\" id=\"single\" style=\"font-size:27px\"><strong>L\u00f6ricker Sch\u00fctzenfreunde 1973<\/strong><\/h1>\n\n\n\n<p><\/p>\n\n\n\n<hr class=\"wp-block-separator has-text-color has-css-opacity has-background is-style-dots\" style=\"background-color:#000000;color:#000000\"\/>\n\n\n\n<figure class=\"wp-block-image size-full is-style-default\"><a href=\"http:\/\/2024.duesseldorf-loerick.de\/schuetzen\/loericker-schuetzenfreunde-1973\/\"><img loading=\"lazy\" decoding=\"async\" width=\"400\" height=\"200\" src=\"http:\/\/2024.duesseldorf-loerick.de\/schuetzen\/wp-content\/uploads\/2024\/07\/Schuetzenfreunde.png\" alt=\"\" class=\"wp-image-151\" srcset=\"http:\/\/2024.duesseldorf-loerick.de\/schuetzen\/wp-content\/uploads\/2024\/07\/Schuetzenfreunde.png 400w, http:\/\/2024.duesseldorf-loerick.de\/schuetzen\/wp-content\/uploads\/2024\/07\/Schuetzenfreunde-300x150.png 300w\" sizes=\"auto, (max-width: 400px) 100vw, 400px\" \/><\/a><\/figure>\n<\/div>\n\n\n\n<div class=\"wp-block-column has-base-background-color has-text-color has-background has-link-color wp-elements-fef62f0c5169f0dc4328fddc197ed95e is-layout-flow wp-block-column-is-layout-flow\" style=\"color:#000000;padding-top:2em;padding-right:2em;padding-bottom:2em;padding-left:2em;flex-basis:400px\">\n<h1 class=\"wp-block-heading\" id=\"single\" style=\"font-size:27px\"><strong>Husaren-Schwadron <br>Fidele L\u00f6ricker 1976<\/strong><\/h1>\n\n\n\n<p><\/p>\n\n\n\n<hr class=\"wp-block-separator has-text-color has-css-opacity has-background is-style-dots\" style=\"background-color:#000000;color:#000000\"\/>\n\n\n\n<figure class=\"wp-block-image size-full is-style-default\"><a href=\"http:\/\/2024.duesseldorf-loerick.de\/schuetzen\/husaren-schwadron-fidele-loericker\/\"><img loading=\"lazy\" decoding=\"async\" width=\"400\" height=\"170\" src=\"http:\/\/2024.duesseldorf-loerick.de\/schuetzen\/wp-content\/uploads\/2024\/07\/Fidele-Loericker.png\" alt=\"\" class=\"wp-image-152\" srcset=\"http:\/\/2024.duesseldorf-loerick.de\/schuetzen\/wp-content\/uploads\/2024\/07\/Fidele-Loericker.png 400w, http:\/\/2024.duesseldorf-loerick.de\/schuetzen\/wp-content\/uploads\/2024\/07\/Fidele-Loericker-300x128.png 300w\" sizes=\"auto, (max-width: 400px) 100vw, 400px\" \/><\/a><\/figure>\n<\/div>\n<\/div>\n\n\n\n<div style=\"height:100px\" aria-hidden=\"true\" class=\"wp-block-spacer\"><\/div>\n\n\n\n<div class=\"wp-block-columns alignwide is-layout-flex wp-container-core-columns-is-layout-829b1d53 wp-block-columns-is-layout-flex\" style=\"margin-bottom:0\">\n<div class=\"wp-block-column has-base-background-color has-text-color has-background has-link-color wp-elements-1485696f6e34ed7ce5ad065f11775f66 is-layout-flow wp-block-column-is-layout-flow\" style=\"color:#000000;padding-top:2em;padding-right:2em;padding-bottom:2em;padding-left:2em;flex-basis:400px\">\n<h1 class=\"wp-block-heading\" id=\"single\" style=\"font-size:27px\"><strong>Reitercorps 1992<\/strong><\/h1>\n\n\n\n<p><\/p>\n\n\n\n<hr class=\"wp-block-separator has-text-color has-css-opacity has-background is-style-dots\" style=\"background-color:#000000;color:#000000\"\/>\n\n\n\n<div class=\"wp-block-buttons alignfull is-horizontal is-content-justification-center is-layout-flex wp-container-core-buttons-is-layout-499968f5 wp-block-buttons-is-layout-flex\"><\/div>\n\n\n\n<figure class=\"wp-block-image size-full\"><a href=\"http:\/\/2024.duesseldorf-loerick.de\/schuetzen\/loericker-reitercorps-1992\/\"><img loading=\"lazy\" decoding=\"async\" width=\"600\" height=\"401\" src=\"http:\/\/2024.duesseldorf-loerick.de\/schuetzen\/wp-content\/uploads\/2024\/07\/Reitercorps.jpg\" alt=\"\" class=\"wp-image-153\" srcset=\"http:\/\/2024.duesseldorf-loerick.de\/schuetzen\/wp-content\/uploads\/2024\/07\/Reitercorps.jpg 600w, http:\/\/2024.duesseldorf-loerick.de\/schuetzen\/wp-content\/uploads\/2024\/07\/Reitercorps-300x201.jpg 300w\" sizes=\"auto, (max-width: 600px) 100vw, 600px\" \/><\/a><\/figure>\n<\/div>\n\n\n\n<div class=\"wp-block-column has-base-background-color has-text-color has-background has-link-color wp-elements-af6d407f8f99416f46c97b38ee61096b is-layout-flow wp-block-column-is-layout-flow\" style=\"color:#000000;padding-top:2em;padding-right:2em;padding-bottom:2em;padding-left:2em;flex-basis:400px\">\n<h1 class=\"wp-block-heading\" id=\"single\" style=\"font-size:27px\"><strong>L\u00f6ricker M\u00e4dels 2007<\/strong><\/h1>\n\n\n\n<p><\/p>\n\n\n\n<hr class=\"wp-block-separator has-text-color has-css-opacity has-background is-style-dots\" style=\"background-color:#000000;color:#000000\"\/>\n\n\n\n<figure class=\"wp-block-image size-full is-style-default\"><a href=\"http:\/\/2024.duesseldorf-loerick.de\/schuetzen\/loericker-maedels-2007\/\"><img decoding=\"async\" src=\"http:\/\/2024.duesseldorf-loerick.de\/schuetzen\/wp-content\/uploads\/2024\/07\/LoerickerMaedels_Kompaniefoto.png\" alt=\"\" class=\"wp-image-154\"\/><\/a><\/figure>\n<\/div>\n\n\n\n<div class=\"wp-block-column has-base-background-color has-text-color has-background has-link-color wp-elements-3ac2ae45aaaf16ad3654d6e9fb3fe156 is-layout-flow wp-block-column-is-layout-flow\" style=\"color:#000000;padding-top:2em;padding-right:2em;padding-bottom:2em;padding-left:2em;flex-basis:400px\">\n<h1 class=\"wp-block-heading\" id=\"single\" style=\"font-size:27px\"><strong>3. J\u00e4gerkompanie 2014<\/strong><\/h1>\n\n\n\n<p><\/p>\n\n\n\n<hr class=\"wp-block-separator has-text-color has-css-opacity has-background is-style-dots\" style=\"background-color:#000000;color:#000000\"\/>\n\n\n\n<figure class=\"wp-block-image size-full is-style-default\"><a href=\"http:\/\/2024.duesseldorf-loerick.de\/schuetzen\/3-jaegerkompanie\/\"><img loading=\"lazy\" decoding=\"async\" width=\"800\" height=\"400\" src=\"http:\/\/2024.duesseldorf-loerick.de\/schuetzen\/wp-content\/uploads\/2024\/07\/3.-Jaegerkompanie.jpg\" alt=\"\" class=\"wp-image-155\" srcset=\"http:\/\/2024.duesseldorf-loerick.de\/schuetzen\/wp-content\/uploads\/2024\/07\/3.-Jaegerkompanie.jpg 800w, http:\/\/2024.duesseldorf-loerick.de\/schuetzen\/wp-content\/uploads\/2024\/07\/3.-Jaegerkompanie-300x150.jpg 300w, http:\/\/2024.duesseldorf-loerick.de\/schuetzen\/wp-content\/uploads\/2024\/07\/3.-Jaegerkompanie-768x384.jpg 768w\" sizes=\"auto, (max-width: 800px) 100vw, 800px\" \/><\/a><\/figure>\n<\/div>\n<\/div>\n\n\n\n<div style=\"height:100px\" aria-hidden=\"true\" class=\"wp-block-spacer\"><\/div>\n","protected":false},"excerpt":{"rendered":"<p>Schiessgesellschaft 1912 Marinekompanie Heimattreue 1927 St. Hubertus Scheibensch\u00fctzen 1927 L\u00f6ricker Jonges 1948 L\u00f6ricker Sch\u00fctzenfreunde 1973 Husaren-Schwadron Fidele L\u00f6ricker 1976 Reitercorps 1992 L\u00f6ricker M\u00e4dels 2007 3. J\u00e4gerkompanie 2014<\/p>\n","protected":false},"author":1,"featured_media":0,"parent":0,"menu_order":0,"comment_status":"closed","ping_status":"closed","template":"","meta":{"footnotes":""},"class_list":["post-210","page","type-page","status-publish"],"_links":{"self":[{"href":"http:\/\/2024.duesseldorf-loerick.de\/schuetzen\/wp-json\/wp\/v2\/pages\/210","targetHints":{"allow":["GET"]}}],"collection":[{"href":"http:\/\/2024.duesseldorf-loerick.de\/schuetzen\/wp-json\/wp\/v2\/pages"}],"about":[{"href":"http:\/\/2024.duesseldorf-loerick.de\/schuetzen\/wp-json\/wp\/v2\/types\/page"}],"author":[{"embeddable":true,"href":"http:\/\/2024.duesseldorf-loerick.de\/schuetzen\/wp-json\/wp\/v2\/users\/1"}],"replies":[{"embeddable":true,"href":"http:\/\/2024.duesseldorf-loerick.de\/schuetzen\/wp-json\/wp\/v2\/comments?post=210"}],"version-history":[{"count":10,"href":"http:\/\/2024.duesseldorf-loerick.de\/schuetzen\/wp-json\/wp\/v2\/pages\/210\/revisions"}],"predecessor-version":[{"id":452,"href":"http:\/\/2024.duesseldorf-loerick.de\/schuetzen\/wp-json\/wp\/v2\/pages\/210\/revisions\/452"}],"wp:attachment":[{"href":"http:\/\/2024.duesseldorf-loerick.de\/schuetzen\/wp-json\/wp\/v2\/media?parent=210"}],"curies":[{"name":"wp","href":"https:\/\/api.w.org\/{rel}","templated":true}]}}